{"id":51,"date":"2023-12-26T22:23:39","date_gmt":"2023-12-26T21:23:39","guid":{"rendered":"https:\/\/dariofreestyle.com\/?page_id=51"},"modified":"2026-04-28T14:56:36","modified_gmt":"2026-04-28T12:56:36","slug":"ueber-mich","status":"publish","type":"page","link":"https:\/\/dariofreestyle.com\/index.php\/ueber-mich\/","title":{"rendered":"\u00dcber mich"},"content":{"rendered":"<nav class=\"is-responsive items-justified-center wp-block-navigation is-content-justification-center is-layout-flex wp-container-core-navigation-is-layout-a89b3969 wp-block-navigation-is-layout-flex\" aria-label=\"Navigation\" \n\t\t data-wp-interactive=\"core\/navigation\" data-wp-context='{\"overlayOpenedBy\":{\"click\":false,\"hover\":false,\"focus\":false},\"type\":\"overlay\",\"roleAttribute\":\"\",\"ariaLabel\":\"Menu\"}'><button aria-haspopup=\"dialog\" aria-label=\"Open menu\" class=\"wp-block-navigation__responsive-container-open\" \n\t\t\t\tdata-wp-on--click=\"actions.openMenuOnClick\"\n\t\t\t\tdata-wp-on--keydown=\"actions.handleMenuKeydown\"\n\t\t\t><svg width=\"24\" height=\"24\" xmlns=\"http:\/\/www.w3.org\/2000\/svg\" viewBox=\"0 0 24 24\" aria-hidden=\"true\" focusable=\"false\"><path d=\"M4 7.5h16v1.5H4z\"><\/path><path d=\"M4 15h16v1.5H4z\"><\/path><\/svg><\/button>\n\t\t\t\t<div class=\"wp-block-navigation__responsive-container\"  id=\"modal-1\" \n\t\t\t\tdata-wp-class--has-modal-open=\"state.isMenuOpen\"\n\t\t\t\tdata-wp-class--is-menu-open=\"state.isMenuOpen\"\n\t\t\t\tdata-wp-watch=\"callbacks.initMenu\"\n\t\t\t\tdata-wp-on--keydown=\"actions.handleMenuKeydown\"\n\t\t\t\tdata-wp-on--focusout=\"actions.handleMenuFocusout\"\n\t\t\t\ttabindex=\"-1\"\n\t\t\t>\n\t\t\t\t\t<div class=\"wp-block-navigation__responsive-close\" tabindex=\"-1\">\n\t\t\t\t\t\t<div class=\"wp-block-navigation__responsive-dialog\" \n\t\t\t\tdata-wp-bind--aria-modal=\"state.ariaModal\"\n\t\t\t\tdata-wp-bind--aria-label=\"state.ariaLabel\"\n\t\t\t\tdata-wp-bind--role=\"state.roleAttribute\"\n\t\t\t>\n\t\t\t\t\t\t\t<button aria-label=\"Close menu\" class=\"wp-block-navigation__responsive-container-close\" \n\t\t\t\tdata-wp-on--click=\"actions.closeMenuOnClick\"\n\t\t\t><svg xmlns=\"http:\/\/www.w3.org\/2000\/svg\" viewBox=\"0 0 24 24\" width=\"24\" height=\"24\" aria-hidden=\"true\" focusable=\"false\"><path d=\"m13.06 12 6.47-6.47-1.06-1.06L12 10.94 5.53 4.47 4.47 5.53 10.94 12l-6.47 6.47 1.06 1.06L12 13.06l6.47 6.47 1.06-1.06L13.06 12Z\"><\/path><\/svg><\/button>\n\t\t\t\t\t\t\t<div class=\"wp-block-navigation__responsive-container-content\" \n\t\t\t\tdata-wp-watch=\"callbacks.focusFirstElement\"\n\t\t\t id=\"modal-1-content\">\n\t\t\t\t\t\t\t\t<ul class=\"wp-block-navigation__container is-responsive items-justified-center wp-block-navigation\"><li class=\" wp-block-navigation-item wp-block-navigation-link\"><a class=\"wp-block-navigation-item__content\"  href=\"https:\/\/dariofreestyle.com\"><span class=\"wp-block-navigation-item__label\">Home<\/span><\/a><\/li><li class=\" wp-block-navigation-item wp-block-navigation-link\"><a class=\"wp-block-navigation-item__content\"  href=\"https:\/\/dariofreestyle.com\/index.php\/ueber-mich\/\"><span class=\"wp-block-navigation-item__label\">\u00dcber mich<\/span><\/a><\/li><li class=\" wp-block-navigation-item wp-block-navigation-link\"><a class=\"wp-block-navigation-item__content\"  href=\"https:\/\/dariofreestyle.com\/index.php\/meine-angebote\/\"><span class=\"wp-block-navigation-item__label\">Meine Angebote<\/span><\/a><\/li><li class=\" wp-block-navigation-item wp-block-navigation-link\"><a class=\"wp-block-navigation-item__content\"  href=\"https:\/\/dariofreestyle.com\/index.php\/kontakt\/\"><span class=\"wp-block-navigation-item__label\">Kontakt<\/span><\/a><\/li><\/ul>\n\t\t\t\t\t\t\t<\/div>\n\t\t\t\t\t\t<\/div>\n\t\t\t\t\t<\/div>\n\t\t\t\t<\/div><\/nav>\n\n\n<div class=\"wp-block-media-text alignfull is-stacked-on-mobile is-vertically-aligned-top is-style-default\" style=\"grid-template-columns:47% auto\"><figure class=\"wp-block-media-text__media\"><img data-recalc-dims=\"1\" fetchpriority=\"high\" decoding=\"async\" width=\"768\" height=\"1024\" src=\"https:\/\/i0.wp.com\/dariofreestyle.com\/wp-content\/uploads\/2023\/12\/D3BDBF30-39C4-44BE-9AF6-4941BD5F2009-768x1024.jpeg?resize=768%2C1024&#038;ssl=1\" alt=\"\" class=\"wp-image-54 size-full\" srcset=\"https:\/\/i0.wp.com\/dariofreestyle.com\/wp-content\/uploads\/2023\/12\/D3BDBF30-39C4-44BE-9AF6-4941BD5F2009-scaled.jpeg?resize=768%2C1024&amp;ssl=1 768w, https:\/\/i0.wp.com\/dariofreestyle.com\/wp-content\/uploads\/2023\/12\/D3BDBF30-39C4-44BE-9AF6-4941BD5F2009-scaled.jpeg?resize=225%2C300&amp;ssl=1 225w, https:\/\/i0.wp.com\/dariofreestyle.com\/wp-content\/uploads\/2023\/12\/D3BDBF30-39C4-44BE-9AF6-4941BD5F2009-scaled.jpeg?resize=1152%2C1536&amp;ssl=1 1152w, https:\/\/i0.wp.com\/dariofreestyle.com\/wp-content\/uploads\/2023\/12\/D3BDBF30-39C4-44BE-9AF6-4941BD5F2009-scaled.jpeg?resize=1536%2C2048&amp;ssl=1 1536w, https:\/\/i0.wp.com\/dariofreestyle.com\/wp-content\/uploads\/2023\/12\/D3BDBF30-39C4-44BE-9AF6-4941BD5F2009-scaled.jpeg?w=1920&amp;ssl=1 1920w\" sizes=\"(max-width: 768px) 100vw, 768px\" \/><\/figure><div class=\"wp-block-media-text__content\">\n<p><\/p>\n\n\n\n<p><\/p>\n\n\n\n<p><\/p>\n\n\n\n<p class=\"has-text-align-left\">Nachdem ich seit meiner Kindheit Vereinsfu\u00dfball gespielt hatte, habe ich mich 2016 dazu entschieden zum Freestyle Fu\u00dfball zu wechseln. Die Ballkontrolle und die schier endlosen M\u00f6glichkeiten die Tricks zu kombinieren und neue Tricks zu erfinden hatten mich so beeindruckt, dass ich bis heute dabei geblieben bin.<\/p>\n\n\n\n<p>Heutzutage ist meine Art zu freestylen auch sehr stark von anderen Sportarten (v.a. vom Tanzen) beeinflusst.<\/p>\n\n\n\n<p>Durch diese Leidenschaft lernte ich mehr und mehr andere Freestyle Fu\u00dfball Athleten aus aller Welt kennen und reise regelm\u00e4\u00dfig zu Treffen und Wettk\u00e4mpfen. <\/p>\n\n\n\n<p>Au\u00dferdem biete ich auch Showacts, Foto- oder Videoshootings im Rahmen von Werbespots o.\u00e4. und Workshops an. Durch die Art wie ich meine Tricks ausf\u00fchre hatte ich auch bereits die M\u00f6glichkeit Teil eines Contemporary Dance Projekts zu sein.<\/p>\n\n\n\n<h2 class=\"wp-block-heading has-text-color\" style=\"color:#000000\"><strong>K\u00fcste mit blauem Meer<\/strong><\/h2>\n<\/div><\/div>\n\n\n\n<h2 class=\"wp-block-heading has-text-align-center\">Referenzen<\/h2>\n\n\n\n<div class=\"wp-block-columns is-layout-flex wp-container-core-columns-is-layout-28f84493 wp-block-columns-is-layout-flex\">\n<div class=\"wp-block-column is-layout-flow wp-block-column-is-layout-flow\">\n<ul class=\"wp-block-list\">\n<li>1. FC N\u00fcrnberg<\/li>\n\n\n\n<li>FC Bayern M\u00fcnchen<\/li>\n\n\n\n<li>Adidas<\/li>\n\n\n\n<li>MAN Truck &amp; Bus<\/li>\n<\/ul>\n<\/div>\n\n\n\n<div class=\"wp-block-column is-layout-flow wp-block-column-is-layout-flow\">\n<ul class=\"wp-block-list\">\n<li>Manchester International Festival<\/li>\n\n\n\n<li>National Football Museum, Manchester<\/li>\n<\/ul>\n<\/div>\n\n\n\n<div class=\"wp-block-column is-layout-flow wp-block-column-is-layout-flow\">\n<ul class=\"wp-block-list\">\n<li>Pasing Arcaden, M\u00fcnchen<\/li>\n\n\n\n<li>UBS Group AG<\/li>\n\n\n\n<li>Whitworth Art Gallery<\/li>\n<\/ul>\n<\/div>\n<\/div>\n\n\n\n<figure class=\"wp-block-gallery has-nested-images columns-default is-cropped wp-block-gallery-2 is-layout-flex wp-block-gallery-is-layout-flex\">\n<figure class=\"wp-block-image size-full\"><img data-recalc-dims=\"1\" decoding=\"async\" width=\"793\" height=\"593\" data-id=\"175\" src=\"https:\/\/i0.wp.com\/dariofreestyle.com\/wp-content\/uploads\/2024\/07\/FCN.png?resize=793%2C593&#038;ssl=1\" alt=\"\" class=\"wp-image-175\" srcset=\"https:\/\/i0.wp.com\/dariofreestyle.com\/wp-content\/uploads\/2024\/07\/FCN.png?w=793&amp;ssl=1 793w, https:\/\/i0.wp.com\/dariofreestyle.com\/wp-content\/uploads\/2024\/07\/FCN.png?resize=300%2C224&amp;ssl=1 300w, https:\/\/i0.wp.com\/dariofreestyle.com\/wp-content\/uploads\/2024\/07\/FCN.png?resize=768%2C574&amp;ssl=1 768w\" sizes=\"(max-width: 793px) 100vw, 793px\" \/><\/figure>\n\n\n\n<figure class=\"wp-block-image size-full\"><img data-recalc-dims=\"1\" decoding=\"async\" width=\"1440\" height=\"2560\" data-id=\"172\" src=\"https:\/\/i0.wp.com\/dariofreestyle.com\/wp-content\/uploads\/2024\/07\/mark-stuckey-AiTD2zd1pGs-unsplash-scaled.jpg?resize=1440%2C2560&#038;ssl=1\" alt=\"\" class=\"wp-image-172\" srcset=\"https:\/\/i0.wp.com\/dariofreestyle.com\/wp-content\/uploads\/2024\/07\/mark-stuckey-AiTD2zd1pGs-unsplash-scaled.jpg?w=1440&amp;ssl=1 1440w, https:\/\/i0.wp.com\/dariofreestyle.com\/wp-content\/uploads\/2024\/07\/mark-stuckey-AiTD2zd1pGs-unsplash-scaled.jpg?resize=169%2C300&amp;ssl=1 169w, https:\/\/i0.wp.com\/dariofreestyle.com\/wp-content\/uploads\/2024\/07\/mark-stuckey-AiTD2zd1pGs-unsplash-scaled.jpg?resize=576%2C1024&amp;ssl=1 576w, https:\/\/i0.wp.com\/dariofreestyle.com\/wp-content\/uploads\/2024\/07\/mark-stuckey-AiTD2zd1pGs-unsplash-scaled.jpg?resize=768%2C1365&amp;ssl=1 768w, https:\/\/i0.wp.com\/dariofreestyle.com\/wp-content\/uploads\/2024\/07\/mark-stuckey-AiTD2zd1pGs-unsplash-scaled.jpg?resize=864%2C1536&amp;ssl=1 864w, https:\/\/i0.wp.com\/dariofreestyle.com\/wp-content\/uploads\/2024\/07\/mark-stuckey-AiTD2zd1pGs-unsplash-scaled.jpg?resize=1152%2C2048&amp;ssl=1 1152w\" sizes=\"(max-width: 1000px) 100vw, 1000px\" \/><\/figure>\n\n\n\n<figure class=\"wp-block-image size-full\"><img data-recalc-dims=\"1\" loading=\"lazy\" decoding=\"async\" width=\"1707\" height=\"2560\" data-id=\"173\" src=\"https:\/\/i0.wp.com\/dariofreestyle.com\/wp-content\/uploads\/2024\/07\/claudio-schwarz-S7vH1a-kL4w-unsplash-scaled.jpg?resize=1707%2C2560&#038;ssl=1\" alt=\"\" class=\"wp-image-173\" srcset=\"https:\/\/i0.wp.com\/dariofreestyle.com\/wp-content\/uploads\/2024\/07\/claudio-schwarz-S7vH1a-kL4w-unsplash-scaled.jpg?w=1707&amp;ssl=1 1707w, https:\/\/i0.wp.com\/dariofreestyle.com\/wp-content\/uploads\/2024\/07\/claudio-schwarz-S7vH1a-kL4w-unsplash-scaled.jpg?resize=200%2C300&amp;ssl=1 200w, https:\/\/i0.wp.com\/dariofreestyle.com\/wp-content\/uploads\/2024\/07\/claudio-schwarz-S7vH1a-kL4w-unsplash-scaled.jpg?resize=683%2C1024&amp;ssl=1 683w, https:\/\/i0.wp.com\/dariofreestyle.com\/wp-content\/uploads\/2024\/07\/claudio-schwarz-S7vH1a-kL4w-unsplash-scaled.jpg?resize=768%2C1152&amp;ssl=1 768w, https:\/\/i0.wp.com\/dariofreestyle.com\/wp-content\/uploads\/2024\/07\/claudio-schwarz-S7vH1a-kL4w-unsplash-scaled.jpg?resize=1024%2C1536&amp;ssl=1 1024w, https:\/\/i0.wp.com\/dariofreestyle.com\/wp-content\/uploads\/2024\/07\/claudio-schwarz-S7vH1a-kL4w-unsplash-scaled.jpg?resize=1365%2C2048&amp;ssl=1 1365w\" sizes=\"(max-width: 1000px) 100vw, 1000px\" \/><\/figure>\n<\/figure>\n\n\n\n<h2 class=\"wp-block-heading has-text-align-center\">Erfolge<\/h2>\n\n\n\n<div class=\"wp-block-columns is-layout-flex wp-container-core-columns-is-layout-28f84493 wp-block-columns-is-layout-flex\">\n<div class=\"wp-block-column is-layout-flow wp-block-column-is-layout-flow\">\n<ul class=\"wp-block-list\">\n<li>Top 8 &#8211; Deutsche Meisterschaft 2024<\/li>\n\n\n\n<li>Top 8 der Welt in &#8220;Sitdowntricks&#8221; 2025<\/li>\n\n\n\n<li>Top 8 &#8211; Open International Tournament, Eindhoven, NL 2022<\/li>\n\n\n\n<li>4. Platz &#8211; Freestyle Futbol Sitting Cup, Uruguay 2020<\/li>\n<\/ul>\n<\/div>\n\n\n\n<div class=\"wp-block-column is-layout-flow wp-block-column-is-layout-flow\">\n<ul class=\"wp-block-list\">\n<li>Top 128 der Welt (&#8220;alle Kategorien&#8221;) 2024<\/li>\n\n\n\n<li>Jury-Mitglied in: Schweizer Meisterschaft 2024, Bolivianische Meisterschaft 2025 uvm.<\/li>\n\n\n\n<li>This Entry by Tino Sehgal &#8211; Art and Football United, Manchester, GB<\/li>\n<\/ul>\n<\/div>\n<\/div>\n\n\n<div class=\"wp-block-jetpack-story wp-story aligncenter\" data-id=\"wp-story-51-1\" data-settings=\"{&#34;slides&#34;:[{&#34;alt&#34;:&#34;&#34;,&#34;title&#34;:&#34;233057C2-58A0-457B-A027-75A4F40E6446-2&#34;,&#34;id&#34;:180,&#34;link&#34;:&#34;https:\/\/dariofreestyle.com\/index.php\/ueber-mich\/233057c2-58a0-457b-a027-75a4f40e6446-2\/&#34;,&#34;type&#34;:&#34;video&#34;,&#34;caption&#34;:&#34;&#34;,&#34;url&#34;:&#34;https:\/\/dariofreestyle.com\/wp-content\/uploads\/2024\/07\/233057C2-58A0-457B-A027-75A4F40E6446-2.mp4&#34;,&#34;mime&#34;:&#34;video\/mp4&#34;,&#34;width&#34;:720,&#34;height&#34;:1280,&#34;poster&#34;:null},{&#34;alt&#34;:&#34;&#34;,&#34;title&#34;:&#34;48E02577-8EC3-4705-A58B-7B887DD93758-2&#34;,&#34;id&#34;:181,&#34;link&#34;:&#34;https:\/\/dariofreestyle.com\/index.php\/ueber-mich\/48e02577-8ec3-4705-a58b-7b887dd93758-2\/&#34;,&#34;type&#34;:&#34;video&#34;,&#34;caption&#34;:&#34;&#34;,&#34;url&#34;:&#34;https:\/\/dariofreestyle.com\/wp-content\/uploads\/2024\/07\/48E02577-8EC3-4705-A58B-7B887DD93758-2.mp4&#34;,&#34;mime&#34;:&#34;video\/mp4&#34;,&#34;width&#34;:720,&#34;height&#34;:1280,&#34;poster&#34;:null},{&#34;alt&#34;:&#34;&#34;,&#34;title&#34;:&#34;F905CEF4-1703-4603-BA25-0BDD074A70DA-2&#34;,&#34;id&#34;:182,&#34;link&#34;:&#34;https:\/\/dariofreestyle.com\/index.php\/ueber-mich\/f905cef4-1703-4603-ba25-0bdd074a70da-2\/&#34;,&#34;type&#34;:&#34;video&#34;,&#34;caption&#34;:&#34;&#34;,&#34;url&#34;:&#34;https:\/\/dariofreestyle.com\/wp-content\/uploads\/2024\/07\/F905CEF4-1703-4603-BA25-0BDD074A70DA-2.mov&#34;,&#34;mime&#34;:&#34;video\/quicktime&#34;,&#34;width&#34;:848,&#34;height&#34;:480,&#34;poster&#34;:null}]}\">\n\t\t\t<div class=\"wp-story-app\">\n\t\t\t\t<div class=\"wp-story-display-contents\" style=\"display: contents;\">\n\t\t\t\t\t<a class=\"wp-story-container\" href=\"https:\/\/dariofreestyle.com\/index.php\/ueber-mich\/?wp-story-load-in-fullscreen=true&amp;wp-story-play-on-load=true\" title=\"Play story in new tab\">\n\t\t\t\t\t\t<div class=\"wp-story-meta\">\n\t\t\t\t\t\t\t<div class=\"wp-story-icon\">\n\t\t\t\t\t\t\t\t<img data-recalc-dims=\"1\" loading=\"lazy\" decoding=\"async\" alt=\"Site icon\" src=\"https:\/\/i0.wp.com\/dariofreestyle.com\/wp-includes\/images\/w-logo-blue.png?resize=40%2C40&#038;ssl=1\" width=\"40\" height=\"40\">\n\t\t\t\t\t\t\t<\/div>\n\t\t\t\t\t\t\t<div>\n\t\t\t\t\t\t\t\t<div class=\"wp-story-title\">\n\t\t\t\t\t\t\t\t\tStory\n\t\t\t\t\t\t\t\t<\/div>\n\t\t\t\t\t\t\t<\/div>\n\t\t\t\t\t\t<\/div>\n\t\t\t\t\t\t<div class=\"wp-story-wrapper\">\n\t\t\t\t\t\t\t<div class=\"wp-story-slide\" style=\"display: block;\">\n\t\t\t<figure><video\n\t\t\ttitle=\"233057C2-58A0-457B-A027-75A4F40E6446-2\"\n\t\t\ttype=\"video\/mp4\"\n\t\t\tclass=\"wp-story-video intrinsic-ignore wp-video-180\"\n\t\t\tdata-id=\"180\"\n\t\t\tsrc=\"https:\/\/dariofreestyle.com\/wp-content\/uploads\/2024\/07\/233057C2-58A0-457B-A027-75A4F40E6446-2.mp4\">\n\t\t<\/video><\/figure>\n\t\t<\/div>\n\t\t\t\t\t\t<\/div>\n\t\t\t\t\t\t<div class=\"wp-story-overlay\">\n\t\t\t\t\t\t\t<div class=\"wp-story-embed-icon-expand\">\n\t\t\t\t<svg class=\"gridicon gridicons-fullscreen\" role=\"img\" height=\"24\" width=\"24\" xmlns=\"http:\/\/www.w3.org\/2000\/svg\" viewBox=\"0 0 24 24\">\n\t\t\t\t\t<g>\n\t\t\t\t\t\t<path d=\"M21 3v6h-2V6.41l-3.29 3.3-1.42-1.42L17.59 5H15V3zM3 3v6h2V6.41l3.29 3.3 1.42-1.42L6.41 5H9V3zm18 18v-6h-2v2.59l-3.29-3.29-1.41 1.41L17.59 19H15v2zM9 21v-2H6.41l3.29-3.29-1.41-1.42L5 17.59V15H3v6z\"><\/path>\n\t\t\t\t\t<\/g>\n\t\t\t\t<\/svg>\n\t\t\t<\/div>\n\t\t\t\t\t\t<\/div>\n\t\t\t\t\t\t<div class=\"wp-story-pagination wp-story-pagination-bullets\">\n\t\t\t<div class=\"wp-story-pagination-bullet \" aria-label=\"Go to slide 1\">\n\t\t\t<div class=\"wp-story-pagination-bullet-bar\"><\/div>\n\t\t<\/div>\n<div class=\"wp-story-pagination-bullet \" aria-label=\"Go to slide 2\">\n\t\t\t<div class=\"wp-story-pagination-bullet-bar\"><\/div>\n\t\t<\/div>\n<div class=\"wp-story-pagination-bullet \" aria-label=\"Go to slide 3\">\n\t\t\t<div class=\"wp-story-pagination-bullet-bar\"><\/div>\n\t\t<\/div>\n\t\t<\/div>\n\t\t\t\t\t<\/a>\n\t\t\t\t<\/div>\n\t\t\t<\/div>\n\t\t<\/div>","protected":false},"excerpt":{"rendered":"<p>Nachdem ich seit meiner Kindheit Vereinsfu\u00dfball gespielt hatte, habe ich mich 2016 dazu entschieden zum Freestyle Fu\u00dfball zu wechseln. Die Ballkontrolle und die schier endlosen M\u00f6glichkeiten die Tricks zu kombinieren und neue Tricks zu erfinden hatten mich so beeindruckt, dass ich bis heute dabei geblieben bin. Heutzutage ist meine Art zu freestylen auch sehr stark [&hellip;]<\/p>\n","protected":false},"author":1,"featured_media":0,"parent":0,"menu_order":0,"comment_status":"closed","ping_status":"closed","template":"","meta":{"om_disable_all_campaigns":false,"_monsterinsights_skip_tracking":false,"_monsterinsights_sitenote_active":false,"_monsterinsights_sitenote_note":"","_monsterinsights_sitenote_category":0,"_uf_show_specific_survey":0,"_uf_disable_surveys":false,"footnotes":""},"class_list":["post-51","page","type-page","status-publish","hentry"],"aioseo_notices":[],"jetpack_sharing_enabled":true,"_links":{"self":[{"href":"https:\/\/dariofreestyle.com\/index.php\/wp-json\/wp\/v2\/pages\/51","targetHints":{"allow":["GET"]}}],"collection":[{"href":"https:\/\/dariofreestyle.com\/index.php\/wp-json\/wp\/v2\/pages"}],"about":[{"href":"https:\/\/dariofreestyle.com\/index.php\/wp-json\/wp\/v2\/types\/page"}],"author":[{"embeddable":true,"href":"https:\/\/dariofreestyle.com\/index.php\/wp-json\/wp\/v2\/users\/1"}],"replies":[{"embeddable":true,"href":"https:\/\/dariofreestyle.com\/index.php\/wp-json\/wp\/v2\/comments?post=51"}],"version-history":[{"count":15,"href":"https:\/\/dariofreestyle.com\/index.php\/wp-json\/wp\/v2\/pages\/51\/revisions"}],"predecessor-version":[{"id":197,"href":"https:\/\/dariofreestyle.com\/index.php\/wp-json\/wp\/v2\/pages\/51\/revisions\/197"}],"wp:attachment":[{"href":"https:\/\/dariofreestyle.com\/index.php\/wp-json\/wp\/v2\/media?parent=51"}],"curies":[{"name":"wp","href":"https:\/\/api.w.org\/{rel}","templated":true}]}}