{"id":67,"date":"2023-12-27T10:32:06","date_gmt":"2023-12-27T09:32:06","guid":{"rendered":"https:\/\/dariofreestyle.com\/?page_id=67"},"modified":"2024-12-22T08:40:49","modified_gmt":"2024-12-22T07:40:49","slug":"meine-angebote","status":"publish","type":"page","link":"https:\/\/dariofreestyle.com\/index.php\/meine-angebote\/","title":{"rendered":"Meine Angebote"},"content":{"rendered":"<nav class=\"is-responsive items-justified-center wp-block-navigation is-content-justification-center is-layout-flex wp-container-core-navigation-is-layout-a89b3969 wp-block-navigation-is-layout-flex\" aria-label=\"Navigation\" \n\t\t data-wp-interactive=\"core\/navigation\" data-wp-context='{\"overlayOpenedBy\":{\"click\":false,\"hover\":false,\"focus\":false},\"type\":\"overlay\",\"roleAttribute\":\"\",\"ariaLabel\":\"Menu\"}'><button aria-haspopup=\"dialog\" aria-label=\"Open menu\" class=\"wp-block-navigation__responsive-container-open\" \n\t\t\t\tdata-wp-on--click=\"actions.openMenuOnClick\"\n\t\t\t\tdata-wp-on--keydown=\"actions.handleMenuKeydown\"\n\t\t\t><svg width=\"24\" height=\"24\" xmlns=\"http:\/\/www.w3.org\/2000\/svg\" viewBox=\"0 0 24 24\" aria-hidden=\"true\" focusable=\"false\"><path d=\"M4 7.5h16v1.5H4z\"><\/path><path d=\"M4 15h16v1.5H4z\"><\/path><\/svg><\/button>\n\t\t\t\t<div class=\"wp-block-navigation__responsive-container\"  id=\"modal-1\" \n\t\t\t\tdata-wp-class--has-modal-open=\"state.isMenuOpen\"\n\t\t\t\tdata-wp-class--is-menu-open=\"state.isMenuOpen\"\n\t\t\t\tdata-wp-watch=\"callbacks.initMenu\"\n\t\t\t\tdata-wp-on--keydown=\"actions.handleMenuKeydown\"\n\t\t\t\tdata-wp-on--focusout=\"actions.handleMenuFocusout\"\n\t\t\t\ttabindex=\"-1\"\n\t\t\t>\n\t\t\t\t\t<div class=\"wp-block-navigation__responsive-close\" tabindex=\"-1\">\n\t\t\t\t\t\t<div class=\"wp-block-navigation__responsive-dialog\" \n\t\t\t\tdata-wp-bind--aria-modal=\"state.ariaModal\"\n\t\t\t\tdata-wp-bind--aria-label=\"state.ariaLabel\"\n\t\t\t\tdata-wp-bind--role=\"state.roleAttribute\"\n\t\t\t>\n\t\t\t\t\t\t\t<button aria-label=\"Close menu\" class=\"wp-block-navigation__responsive-container-close\" \n\t\t\t\tdata-wp-on--click=\"actions.closeMenuOnClick\"\n\t\t\t><svg xmlns=\"http:\/\/www.w3.org\/2000\/svg\" viewBox=\"0 0 24 24\" width=\"24\" height=\"24\" aria-hidden=\"true\" focusable=\"false\"><path d=\"m13.06 12 6.47-6.47-1.06-1.06L12 10.94 5.53 4.47 4.47 5.53 10.94 12l-6.47 6.47 1.06 1.06L12 13.06l6.47 6.47 1.06-1.06L13.06 12Z\"><\/path><\/svg><\/button>\n\t\t\t\t\t\t\t<div class=\"wp-block-navigation__responsive-container-content\" \n\t\t\t\tdata-wp-watch=\"callbacks.focusFirstElement\"\n\t\t\t id=\"modal-1-content\">\n\t\t\t\t\t\t\t\t<ul class=\"wp-block-navigation__container is-responsive items-justified-center wp-block-navigation\"><li class=\" wp-block-navigation-item wp-block-navigation-link\"><a class=\"wp-block-navigation-item__content\"  href=\"https:\/\/dariofreestyle.com\"><span class=\"wp-block-navigation-item__label\">Home<\/span><\/a><\/li><li class=\" wp-block-navigation-item wp-block-navigation-link\"><a class=\"wp-block-navigation-item__content\"  href=\"https:\/\/dariofreestyle.com\/index.php\/ueber-mich\/\"><span class=\"wp-block-navigation-item__label\">\u00dcber mich<\/span><\/a><\/li><li class=\" wp-block-navigation-item wp-block-navigation-link\"><a class=\"wp-block-navigation-item__content\"  href=\"https:\/\/dariofreestyle.com\/index.php\/meine-angebote\/\"><span class=\"wp-block-navigation-item__label\">Meine Angebote<\/span><\/a><\/li><li class=\" wp-block-navigation-item wp-block-navigation-link\"><a class=\"wp-block-navigation-item__content\"  href=\"https:\/\/dariofreestyle.com\/index.php\/kontakt\/\"><span class=\"wp-block-navigation-item__label\">Kontakt<\/span><\/a><\/li><\/ul>\n\t\t\t\t\t\t\t<\/div>\n\t\t\t\t\t\t<\/div>\n\t\t\t\t\t<\/div>\n\t\t\t\t<\/div><\/nav>\n\n\n<div class=\"wp-block-columns alignfull is-layout-flex wp-container-core-columns-is-layout-28f84493 wp-block-columns-is-layout-flex\">\n<div class=\"wp-block-column is-layout-flow wp-block-column-is-layout-flow\" style=\"flex-basis:50%\">\n<figure class=\"wp-block-image aligncenter size-full\"><img data-recalc-dims=\"1\" fetchpriority=\"high\" decoding=\"async\" width=\"802\" height=\"465\" src=\"https:\/\/i0.wp.com\/dariofreestyle.com\/wp-content\/uploads\/2024\/07\/3B32815C-43FF-4CE5-AC66-D64A12924D5A.jpeg?resize=802%2C465\" alt=\"\" class=\"wp-image-164\" srcset=\"https:\/\/i0.wp.com\/dariofreestyle.com\/wp-content\/uploads\/2024\/07\/3B32815C-43FF-4CE5-AC66-D64A12924D5A.jpeg?w=802&amp;ssl=1 802w, https:\/\/i0.wp.com\/dariofreestyle.com\/wp-content\/uploads\/2024\/07\/3B32815C-43FF-4CE5-AC66-D64A12924D5A.jpeg?resize=300%2C174&amp;ssl=1 300w, https:\/\/i0.wp.com\/dariofreestyle.com\/wp-content\/uploads\/2024\/07\/3B32815C-43FF-4CE5-AC66-D64A12924D5A.jpeg?resize=768%2C445&amp;ssl=1 768w\" sizes=\"(max-width: 802px) 100vw, 802px\" \/><figcaption class=\"wp-element-caption\"><mark style=\"background-color:rgba(0, 0, 0, 0)\" class=\"has-inline-color has-foreground-color\">Im Rahmen des Projekts &#8220;Art &amp; Football United&#8221; in Manchester 2023<\/mark><\/figcaption><\/figure>\n<\/div>\n\n\n\n<div class=\"wp-block-column is-vertically-aligned-center is-layout-flow wp-block-column-is-layout-flow\" style=\"padding-top:1em;padding-right:1em;padding-bottom:1em;padding-left:1em\">\n<div class=\"wp-block-columns is-layout-flex wp-container-core-columns-is-layout-28f84493 wp-block-columns-is-layout-flex\">\n<div class=\"wp-block-column is-layout-flow wp-block-column-is-layout-flow\" style=\"flex-basis:320px\">\n<p class=\"has-small-font-size\" style=\"line-height:1.6\"><strong>Shows<\/strong><\/p>\n\n\n\n<p class=\"has-small-font-size\" style=\"line-height:1.6\">In einer Freestyle Fu\u00dfball Show begeistere ich das Publikum mit meinen Tricks zu passender Musik. Eine Show eignet sich optimal f\u00fcr Anl\u00e4sse jeglicher Art. Von Firmen- oder Sportevents \u00fcber Theaterst\u00fccke bis hin zu Geburtstagen.<\/p>\n\n\n\n<p class=\"has-small-font-size\" style=\"line-height:1.6\">Ich stehe auch gerne f\u00fcr Auftritte im Rahmen von Choreographien mit K\u00fcnstlern jeglicher Art zur Verf\u00fcgung.<\/p>\n\n\n\n<div class=\"wp-block-buttons is-layout-flex wp-block-buttons-is-layout-flex\">\n<div class=\"wp-block-button\"><a class=\"wp-block-button__link wp-element-button\" href=\"https:\/\/dariofreestyle.com\/index.php\/kontakt\/\">Kontakt<\/a><\/div>\n<\/div>\n<\/div>\n<\/div>\n<\/div>\n<\/div>\n\n\n\n<div class=\"wp-block-columns alignfull is-layout-flex wp-container-core-columns-is-layout-28f84493 wp-block-columns-is-layout-flex\">\n<div class=\"wp-block-column is-layout-flow wp-block-column-is-layout-flow\" style=\"flex-basis:50%\">\n<figure class=\"wp-block-image aligncenter size-large is-resized\"><img data-recalc-dims=\"1\" decoding=\"async\" width=\"768\" height=\"1024\" src=\"https:\/\/i0.wp.com\/dariofreestyle.com\/wp-content\/uploads\/2024\/07\/F4D6772C-9E72-4605-9FAF-1428FF0AEBB6.jpeg?resize=768%2C1024\" alt=\"\" class=\"wp-image-157\" style=\"width:436px;height:auto\" srcset=\"https:\/\/i0.wp.com\/dariofreestyle.com\/wp-content\/uploads\/2024\/07\/F4D6772C-9E72-4605-9FAF-1428FF0AEBB6.jpeg?resize=768%2C1024&amp;ssl=1 768w, https:\/\/i0.wp.com\/dariofreestyle.com\/wp-content\/uploads\/2024\/07\/F4D6772C-9E72-4605-9FAF-1428FF0AEBB6.jpeg?resize=225%2C300&amp;ssl=1 225w, https:\/\/i0.wp.com\/dariofreestyle.com\/wp-content\/uploads\/2024\/07\/F4D6772C-9E72-4605-9FAF-1428FF0AEBB6.jpeg?resize=1152%2C1536&amp;ssl=1 1152w, https:\/\/i0.wp.com\/dariofreestyle.com\/wp-content\/uploads\/2024\/07\/F4D6772C-9E72-4605-9FAF-1428FF0AEBB6.jpeg?w=1536&amp;ssl=1 1536w\" sizes=\"(max-width: 768px) 100vw, 768px\" \/><\/figure>\n<\/div>\n\n\n\n<div class=\"wp-block-column is-vertically-aligned-center is-layout-flow wp-block-column-is-layout-flow\" style=\"padding-top:1em;padding-right:1em;padding-bottom:1em;padding-left:1em\">\n<div class=\"wp-block-columns is-layout-flex wp-container-core-columns-is-layout-28f84493 wp-block-columns-is-layout-flex\">\n<div class=\"wp-block-column is-layout-flow wp-block-column-is-layout-flow\" style=\"flex-basis:320px\">\n<p class=\"has-small-font-size\" style=\"line-height:1.6\"><strong>Workshops<\/strong><\/p>\n\n\n\n<p class=\"has-small-font-size\" style=\"line-height:1.6\">In interaktiven Fu\u00dfball Freestyle Workshops bringe ich interessierten TeilnehmerInnen einige Tricks bei, die jeder lernen kann. Es sind keinerlei Vorerfahrungen aus dem Fu\u00dfball f\u00fcr die Teilnahme notwendig und Interessierte jeden Alters sind herzlich willkommen.<\/p>\n\n\n\n<div class=\"wp-block-buttons is-layout-flex wp-block-buttons-is-layout-flex\">\n<div class=\"wp-block-button\"><a class=\"wp-block-button__link wp-element-button\" href=\"https:\/\/dariofreestyle.com\/index.php\/kontakt\/\">Kontakt<\/a><\/div>\n<\/div>\n<\/div>\n<\/div>\n<\/div>\n<\/div>\n\n\n\n<div class=\"wp-block-columns alignfull is-layout-flex wp-container-core-columns-is-layout-28f84493 wp-block-columns-is-layout-flex\">\n<div class=\"wp-block-column is-layout-flow wp-block-column-is-layout-flow\" style=\"flex-basis:50%\">\n<figure class=\"wp-block-image aligncenter size-large is-resized\"><img data-recalc-dims=\"1\" decoding=\"async\" width=\"683\" height=\"1024\" src=\"https:\/\/i0.wp.com\/dariofreestyle.com\/wp-content\/uploads\/2023\/12\/8F4E00BC-AFD9-4E8F-B226-9C719D49D330.jpeg?resize=683%2C1024\" alt=\"\" class=\"wp-image-53\" style=\"width:440px;height:auto\" srcset=\"https:\/\/i0.wp.com\/dariofreestyle.com\/wp-content\/uploads\/2023\/12\/8F4E00BC-AFD9-4E8F-B226-9C719D49D330-scaled.jpeg?resize=683%2C1024&amp;ssl=1 683w, https:\/\/i0.wp.com\/dariofreestyle.com\/wp-content\/uploads\/2023\/12\/8F4E00BC-AFD9-4E8F-B226-9C719D49D330-scaled.jpeg?resize=200%2C300&amp;ssl=1 200w, https:\/\/i0.wp.com\/dariofreestyle.com\/wp-content\/uploads\/2023\/12\/8F4E00BC-AFD9-4E8F-B226-9C719D49D330-scaled.jpeg?resize=768%2C1152&amp;ssl=1 768w, https:\/\/i0.wp.com\/dariofreestyle.com\/wp-content\/uploads\/2023\/12\/8F4E00BC-AFD9-4E8F-B226-9C719D49D330-scaled.jpeg?resize=1024%2C1536&amp;ssl=1 1024w, https:\/\/i0.wp.com\/dariofreestyle.com\/wp-content\/uploads\/2023\/12\/8F4E00BC-AFD9-4E8F-B226-9C719D49D330-scaled.jpeg?resize=1365%2C2048&amp;ssl=1 1365w, https:\/\/i0.wp.com\/dariofreestyle.com\/wp-content\/uploads\/2023\/12\/8F4E00BC-AFD9-4E8F-B226-9C719D49D330-scaled.jpeg?w=1707&amp;ssl=1 1707w\" sizes=\"(max-width: 683px) 100vw, 683px\" \/><\/figure>\n<\/div>\n\n\n\n<div class=\"wp-block-column is-vertically-aligned-center is-layout-flow wp-block-column-is-layout-flow\" style=\"padding-top:1em;padding-right:1em;padding-bottom:1em;padding-left:1em\">\n<div class=\"wp-block-columns is-layout-flex wp-container-core-columns-is-layout-28f84493 wp-block-columns-is-layout-flex\">\n<div class=\"wp-block-column is-layout-flow wp-block-column-is-layout-flow\" style=\"flex-basis:320px\">\n<p class=\"has-small-font-size\" style=\"line-height:1.6\"><strong>Fotoshootings &amp; Videodrehs<\/strong><\/p>\n\n\n\n<p class=\"has-small-font-size\" style=\"line-height:1.6\">Fu\u00dfball Freestyle eignet sich vor allem aufgrund der gro\u00dfen Wichtigkeit der \u00c4sthetik perfekt als Teil von Foto- und Videoprojekten in verschiedensten Kontexten. Von Shootings im Rahmen von Werbeprojekten f\u00fcr Ihre Firma bis hin zu Shootings im Rahmen von Kunstprojekten.<\/p>\n\n\n\n<div class=\"wp-block-buttons is-layout-flex wp-block-buttons-is-layout-flex\">\n<div class=\"wp-block-button\"><a class=\"wp-block-button__link wp-element-button\" href=\"https:\/\/dariofreestyle.com\/index.php\/kontakt\/\">Kontakt<\/a><\/div>\n<\/div>\n<\/div>\n<\/div>\n<\/div>\n<\/div>\n","protected":false},"excerpt":{"rendered":"<p>Shows In einer Freestyle Fu\u00dfball Show begeistere ich das Publikum mit meinen Tricks zu passender Musik. Eine Show eignet sich optimal f\u00fcr Anl\u00e4sse jeglicher Art. Von Firmen- oder Sportevents \u00fcber Theaterst\u00fccke bis hin zu Geburtstagen. Ich stehe auch gerne f\u00fcr Auftritte im Rahmen von Choreographien mit K\u00fcnstlern jeglicher Art zur Verf\u00fcgung. Workshops In interaktiven Fu\u00dfball [&hellip;]<\/p>\n","protected":false},"author":1,"featured_media":0,"parent":0,"menu_order":0,"comment_status":"closed","ping_status":"closed","template":"","meta":{"om_disable_all_campaigns":false,"_monsterinsights_skip_tracking":false,"_monsterinsights_sitenote_active":false,"_monsterinsights_sitenote_note":"","_monsterinsights_sitenote_category":0,"_uf_show_specific_survey":0,"_uf_disable_surveys":false,"footnotes":""},"class_list":["post-67","page","type-page","status-publish","hentry"],"aioseo_notices":[],"jetpack_sharing_enabled":true,"_links":{"self":[{"href":"https:\/\/dariofreestyle.com\/index.php\/wp-json\/wp\/v2\/pages\/67","targetHints":{"allow":["GET"]}}],"collection":[{"href":"https:\/\/dariofreestyle.com\/index.php\/wp-json\/wp\/v2\/pages"}],"about":[{"href":"https:\/\/dariofreestyle.com\/index.php\/wp-json\/wp\/v2\/types\/page"}],"author":[{"embeddable":true,"href":"https:\/\/dariofreestyle.com\/index.php\/wp-json\/wp\/v2\/users\/1"}],"replies":[{"embeddable":true,"href":"https:\/\/dariofreestyle.com\/index.php\/wp-json\/wp\/v2\/comments?post=67"}],"version-history":[{"count":18,"href":"https:\/\/dariofreestyle.com\/index.php\/wp-json\/wp\/v2\/pages\/67\/revisions"}],"predecessor-version":[{"id":193,"href":"https:\/\/dariofreestyle.com\/index.php\/wp-json\/wp\/v2\/pages\/67\/revisions\/193"}],"wp:attachment":[{"href":"https:\/\/dariofreestyle.com\/index.php\/wp-json\/wp\/v2\/media?parent=67"}],"curies":[{"name":"wp","href":"https:\/\/api.w.org\/{rel}","templated":true}]}}